{"id":5525,"date":"2023-11-30T09:49:34","date_gmt":"2023-11-30T08:49:34","guid":{"rendered":"https:\/\/www.afe-eclairage.fr\/?post_type=product&#038;p=5525"},"modified":"2025-11-25T10:16:41","modified_gmt":"2025-11-25T09:16:41","slug":"collectivite-de-100-000-a-500-000-habitants","status":"publish","type":"product","link":"https:\/\/www.afe-eclairage.fr\/?product=collectivite-de-100-000-a-500-000-habitants","title":{"rendered":"Collectivit\u00e9 de 100 000 \u00e0 500 000 habitants"},"content":{"rendered":"","protected":false},"excerpt":{"rendered":"<p>Collectivit\u00e9 de 100 000 \u00e0 500 000 habitants : jusqu\u2019\u00e0 3 collaborateurs inscrits gratuitement, puis 136 \u20ac par collaborateur<span id=\"page11R_mcid40\" class=\"markedContent\"><span dir=\"ltr\" role=\"presentation\"> suppl\u00e9mentaire.<\/span><\/span><\/p>\n<p><span id=\"page11R_mcid40\" class=\"markedContent\"><span dir=\"ltr\" role=\"presentation\"><span style=\"color: #f84646;\"><strong>Pour rajouter des collaborateurs lors de votre commande, ajoutez <a href=\"https:\/\/www.afe-eclairage.fr\/?product=collaborateur-supplementaire-dune-entreprise-ou-collectivite-locale-adherente\" target=\"_blank\" rel=\"noopener\">ce produit<\/a> \u00e0 votre panier autant de fois que de collaborateur suppl\u00e9mentaire.<\/strong>&lt;\/font color=\u00a0\u00bb#f84646&Prime;&gt;<\/span><\/span><\/span><\/p>\n","protected":false},"featured_media":4536,"template":"","meta":[],"product_cat":[219],"product_tag":[],"_links":{"self":[{"href":"https:\/\/www.afe-eclairage.fr\/index.php?rest_route=\/wp\/v2\/product\/5525"}],"collection":[{"href":"https:\/\/www.afe-eclairage.fr\/index.php?rest_route=\/wp\/v2\/product"}],"about":[{"href":"https:\/\/www.afe-eclairage.fr\/index.php?rest_route=\/wp\/v2\/types\/product"}],"wp:featuredmedia":[{"embeddable":true,"href":"https:\/\/www.afe-eclairage.fr\/index.php?rest_route=\/wp\/v2\/media\/4536"}],"wp:attachment":[{"href":"https:\/\/www.afe-eclairage.fr\/index.php?rest_route=%2Fwp%2Fv2%2Fmedia&parent=5525"}],"wp:term":[{"taxonomy":"product_cat","embeddable":true,"href":"https:\/\/www.afe-eclairage.fr\/index.php?rest_route=%2Fwp%2Fv2%2Fproduct_cat&post=5525"},{"taxonomy":"product_tag","embeddable":true,"href":"https:\/\/www.afe-eclairage.fr\/index.php?rest_route=%2Fwp%2Fv2%2Fproduct_tag&post=5525"}],"curies":[{"name":"wp","href":"https:\/\/api.w.org\/{rel}","templated":true}]}}