{"id":2596,"date":"2020-10-18T19:47:05","date_gmt":"2020-10-18T17:47:05","guid":{"rendered":"https:\/\/www.lux-editions.fr\/AFE2020\/?post_type=product&#038;p=2596"},"modified":"2025-11-25T10:17:35","modified_gmt":"2025-11-25T09:17:35","slug":"adhesion-a-titre-personnel","status":"publish","type":"product","link":"https:\/\/www.afe-eclairage.fr\/?product=adhesion-a-titre-personnel","title":{"rendered":"Adh\u00e9sion \u00e0 titre personnel"},"content":{"rendered":"","protected":false},"excerpt":{"rendered":"<p>Adh\u00e9sion \u00e0 titre personnel (aucune notification professionnelle)<\/p>\n","protected":false},"featured_media":4163,"template":"","meta":[],"product_cat":[220],"product_tag":[],"_links":{"self":[{"href":"https:\/\/www.afe-eclairage.fr\/index.php?rest_route=\/wp\/v2\/product\/2596"}],"collection":[{"href":"https:\/\/www.afe-eclairage.fr\/index.php?rest_route=\/wp\/v2\/product"}],"about":[{"href":"https:\/\/www.afe-eclairage.fr\/index.php?rest_route=\/wp\/v2\/types\/product"}],"wp:featuredmedia":[{"embeddable":true,"href":"https:\/\/www.afe-eclairage.fr\/index.php?rest_route=\/wp\/v2\/media\/4163"}],"wp:attachment":[{"href":"https:\/\/www.afe-eclairage.fr\/index.php?rest_route=%2Fwp%2Fv2%2Fmedia&parent=2596"}],"wp:term":[{"taxonomy":"product_cat","embeddable":true,"href":"https:\/\/www.afe-eclairage.fr\/index.php?rest_route=%2Fwp%2Fv2%2Fproduct_cat&post=2596"},{"taxonomy":"product_tag","embeddable":true,"href":"https:\/\/www.afe-eclairage.fr\/index.php?rest_route=%2Fwp%2Fv2%2Fproduct_tag&post=2596"}],"curies":[{"name":"wp","href":"https:\/\/api.w.org\/{rel}","templated":true}]}}