{"id":2583,"date":"2020-10-18T19:07:42","date_gmt":"2020-10-18T17:07:42","guid":{"rendered":"https:\/\/www.lux-editions.fr\/AFE2020\/?post_type=product&#038;p=2583"},"modified":"2025-11-25T10:19:01","modified_gmt":"2025-11-25T09:19:01","slug":"entite-de-6-a-20-salaries","status":"publish","type":"product","link":"https:\/\/www.afe-eclairage.fr\/?product=entite-de-6-a-20-salaries","title":{"rendered":"Entit\u00e9 de 6 \u00e0 20 collaborateurs"},"content":{"rendered":"","protected":false},"excerpt":{"rendered":"<p>Entit\u00e9 de 6 \u00e0 20 collaborateurs : 136 \u20ac par collaborateur<span id=\"page11R_mcid40\" class=\"markedContent\"><span dir=\"ltr\" role=\"presentation\"> suppl\u00e9mentaire.<\/span><\/span><\/p>\n<p><span id=\"page11R_mcid40\" class=\"markedContent\"><span dir=\"ltr\" role=\"presentation\"><span style=\"color: #f84646;\"><strong>Pour rajouter des collaborateurs lors de votre commande, ajoutez <a href=\"https:\/\/www.afe-eclairage.fr\/?product=collaborateur-supplementaire-dune-entreprise-ou-collectivite-locale-adherente\" target=\"_blank\" rel=\"noopener\">ce produit<\/a> \u00e0 votre panier autant de fois que de collaborateur suppl\u00e9mentaire.<\/strong>&lt;\/font color=\u00a0\u00bb#f84646&Prime;&gt;<\/span><\/span><\/span><\/p>\n","protected":false},"featured_media":4158,"template":"","meta":[],"product_cat":[218],"product_tag":[],"_links":{"self":[{"href":"https:\/\/www.afe-eclairage.fr\/index.php?rest_route=\/wp\/v2\/product\/2583"}],"collection":[{"href":"https:\/\/www.afe-eclairage.fr\/index.php?rest_route=\/wp\/v2\/product"}],"about":[{"href":"https:\/\/www.afe-eclairage.fr\/index.php?rest_route=\/wp\/v2\/types\/product"}],"wp:featuredmedia":[{"embeddable":true,"href":"https:\/\/www.afe-eclairage.fr\/index.php?rest_route=\/wp\/v2\/media\/4158"}],"wp:attachment":[{"href":"https:\/\/www.afe-eclairage.fr\/index.php?rest_route=%2Fwp%2Fv2%2Fmedia&parent=2583"}],"wp:term":[{"taxonomy":"product_cat","embeddable":true,"href":"https:\/\/www.afe-eclairage.fr\/index.php?rest_route=%2Fwp%2Fv2%2Fproduct_cat&post=2583"},{"taxonomy":"product_tag","embeddable":true,"href":"https:\/\/www.afe-eclairage.fr\/index.php?rest_route=%2Fwp%2Fv2%2Fproduct_tag&post=2583"}],"curies":[{"name":"wp","href":"https:\/\/api.w.org\/{rel}","templated":true}]}}