{"id":3390,"date":"2021-03-23T15:02:12","date_gmt":"2021-03-23T14:02:12","guid":{"rendered":"https:\/\/www.lux-editions.fr\/AFE2020\/?page_id=3390"},"modified":"2022-06-12T13:55:02","modified_gmt":"2022-06-12T11:55:02","slug":"annuaire","status":"publish","type":"page","link":"https:\/\/www.afe-eclairage.fr\/?page_id=3390","title":{"rendered":"Annuaire"},"content":{"rendered":" \t\t<div class=\"woocommerce\">\n\t\t\t<div class=\"woocommerce-info wc-memberships-restriction-message wc-memberships-message wc-memberships-content-restricted-message\">\n\t\t\t\tPour acc\u00e9der \u00e0 cette page, je vous devez \u00eatre adh\u00e9rent via une des formules suivantes : <span class=\"wc-memberships-products-grant-access\"><a href=\"https:\/\/www.afe-eclairage.fr\/?product=entreprise-de-droit-prive-de-droit-public-syndicat-denergie-organisme-professionnel-organisme-detat\">Entit\u00e9 de moins de 5 collaborateurs<\/a>, <a href=\"https:\/\/www.afe-eclairage.fr\/?product=entite-de-6-a-20-salaries\">Entit\u00e9 de 6 \u00e0 20 collaborateurs<\/a>, <a href=\"https:\/\/www.afe-eclairage.fr\/?product=entite-de-21-a-50-salaries\">Entit\u00e9 de 21 \u00e0 50 collaborateurs<\/a>, <a href=\"https:\/\/www.afe-eclairage.fr\/?product=entite-de-plus-de-50-salaries\">Entit\u00e9 de plus de 50 collaborateurs<\/a>, <a href=\"https:\/\/www.afe-eclairage.fr\/?product=collectivite-de-plus-de-500-000-habitants\">Collectivit\u00e9 de plus de 500 000 habitants<\/a>, <a href=\"https:\/\/www.afe-eclairage.fr\/?product=membre-associe\">Membre associ\u00e9<\/a>, <a href=\"https:\/\/www.afe-eclairage.fr\/?product=retraite\">Retrait\u00e9<\/a>, <a href=\"https:\/\/www.afe-eclairage.fr\/?product=demandeur-demploi\">Demandeur d\u2019emploi<\/a>, <a href=\"https:\/\/www.afe-eclairage.fr\/?product=adhesion-a-titre-personnel\">Adh\u00e9sion \u00e0 titre personnel<\/a>, <a href=\"https:\/\/www.afe-eclairage.fr\/?product=etudiant\">Etudiant<\/a>, <a href=\"https:\/\/www.afe-eclairage.fr\/?product=collectivite-de-10-000-habitants\">Collectivit\u00e9 de moins de 10 000 habitants<\/a>, <a href=\"https:\/\/www.afe-eclairage.fr\/?product=collectivite-de-10-000-a-50-000-habitants\">Collectivit\u00e9 de 10 000 \u00e0 50 000 habitants<\/a>, <a href=\"https:\/\/www.afe-eclairage.fr\/?product=collectivite-de-50-000-a-100-000-habitants\">Collectivit\u00e9 de 50 000 \u00e0 100 000 habitants<\/a> ou <a href=\"https:\/\/www.afe-eclairage.fr\/?product=collectivite-de-100-000-a-500-000-habitants\">Collectivit\u00e9 de 100 000 \u00e0 500 000 habitants<\/a><\/span>.\t\t    <\/div>\n\t\t<\/div>\n\t\t","protected":false},"excerpt":{"rendered":"\n<div class=\"woocommerce\">\n<div class=\"woocommerce-info wc-memberships-restriction-message wc-memberships-message wc-memberships-content-restricted-message\">\n\t\t\t\tPour acc\u00e9der \u00e0 cette page, je vous devez \u00eatre adh\u00e9rent via une des formules suivantes : <span class=\"wc-memberships-products-grant-access\"><a href=\"https:\/\/www.afe-eclairage.fr\/?product=entreprise-de-droit-prive-de-droit-public-syndicat-denergie-organisme-professionnel-organisme-detat\">Entit\u00e9 de moins de 5 collaborateurs<\/a>, <a href=\"https:\/\/www.afe-eclairage.fr\/?product=entite-de-6-a-20-salaries\">Entit\u00e9 de 6 \u00e0 20 collaborateurs<\/a>, <a href=\"https:\/\/www.afe-eclairage.fr\/?product=entite-de-21-a-50-salaries\">Entit\u00e9 de 21 \u00e0 50 collaborateurs<\/a>, <a href=\"https:\/\/www.afe-eclairage.fr\/?product=entite-de-plus-de-50-salaries\">Entit\u00e9 de plus de 50 collaborateurs<\/a>, <a href=\"https:\/\/www.afe-eclairage.fr\/?product=collectivite-de-plus-de-500-000-habitants\">Collectivit\u00e9 de plus de 500 000 habitants<\/a>, <a href=\"https:\/\/www.afe-eclairage.fr\/?product=membre-associe\">Membre associ\u00e9<\/a>, <a href=\"https:\/\/www.afe-eclairage.fr\/?product=retraite\">Retrait\u00e9<\/a>, <a href=\"https:\/\/www.afe-eclairage.fr\/?product=demandeur-demploi\">Demandeur d\u2019emploi<\/a>, <a href=\"https:\/\/www.afe-eclairage.fr\/?product=adhesion-a-titre-personnel\">Adh\u00e9sion \u00e0 titre personnel<\/a>, <a href=\"https:\/\/www.afe-eclairage.fr\/?product=etudiant\">Etudiant<\/a>, <a href=\"https:\/\/www.afe-eclairage.fr\/?product=collectivite-de-10-000-habitants\">Collectivit\u00e9 de moins de 10 000 habitants<\/a>, <a href=\"https:\/\/www.afe-eclairage.fr\/?product=collectivite-de-10-000-a-50-000-habitants\">Collectivit\u00e9 de 10 000 \u00e0 50 000 habitants<\/a>, <a href=\"https:\/\/www.afe-eclairage.fr\/?product=collectivite-de-50-000-a-100-000-habitants\">Collectivit\u00e9 de 50 000 \u00e0 100 000 habitants<\/a> ou <a href=\"https:\/\/www.afe-eclairage.fr\/?product=collectivite-de-100-000-a-500-000-habitants\">Collectivit\u00e9 de 100 000 \u00e0 500 000 habitants<\/a><\/span>.\t\t    <\/div>\n<\/p><\/div>\n","protected":false},"author":1,"featured_media":0,"parent":0,"menu_order":0,"comment_status":"closed","ping_status":"closed","template":"","meta":[],"_links":{"self":[{"href":"https:\/\/www.afe-eclairage.fr\/index.php?rest_route=\/wp\/v2\/pages\/3390"}],"collection":[{"href":"https:\/\/www.afe-eclairage.fr\/index.php?rest_route=\/wp\/v2\/pages"}],"about":[{"href":"https:\/\/www.afe-eclairage.fr\/index.php?rest_route=\/wp\/v2\/types\/page"}],"author":[{"embeddable":true,"href":"https:\/\/www.afe-eclairage.fr\/index.php?rest_route=\/wp\/v2\/users\/1"}],"replies":[{"embeddable":true,"href":"https:\/\/www.afe-eclairage.fr\/index.php?rest_route=%2Fwp%2Fv2%2Fcomments&post=3390"}],"version-history":[{"count":2,"href":"https:\/\/www.afe-eclairage.fr\/index.php?rest_route=\/wp\/v2\/pages\/3390\/revisions"}],"predecessor-version":[{"id":4148,"href":"https:\/\/www.afe-eclairage.fr\/index.php?rest_route=\/wp\/v2\/pages\/3390\/revisions\/4148"}],"wp:attachment":[{"href":"https:\/\/www.afe-eclairage.fr\/index.php?rest_route=%2Fwp%2Fv2%2Fmedia&parent=3390"}],"curies":[{"name":"wp","href":"https:\/\/api.w.org\/{rel}","templated":true}]}}