{"id":3286,"date":"2020-11-30T08:53:43","date_gmt":"2020-11-30T07:53:43","guid":{"rendered":"https:\/\/www.lux-editions.fr\/AFE2020\/?page_id=3286"},"modified":"2025-03-25T09:38:49","modified_gmt":"2025-03-25T08:38:49","slug":"espace-presse","status":"publish","type":"page","link":"https:\/\/www.afe-eclairage.fr\/?page_id=3286","title":{"rendered":"Espace presse"},"content":{"rendered":"\n<h2>Espace presse<\/h2>\n\n\n\n<div style=\"height:26px\" aria-hidden=\"true\" class=\"wp-block-spacer\"><\/div>\n\n\n\n<h3>Derni\u00e8res Communication AFE <\/h3>\n\n\n\n<div class=\"is-layout-flex wp-container-4 wp-block-columns\">\n<div class=\"is-layout-flow wp-block-column\">\n<figure class=\"wp-block-image size-large\"><img decoding=\"async\" loading=\"lazy\" width=\"721\" height=\"1024\" src=\"https:\/\/www.afe-eclairage.fr\/wp-content\/uploads\/2025\/03\/Couverture-dossier-de-presse-721x1024.png\" alt=\"\" class=\"wp-image-6819\" srcset=\"https:\/\/www.afe-eclairage.fr\/wp-content\/uploads\/2025\/03\/Couverture-dossier-de-presse-721x1024.png 721w, https:\/\/www.afe-eclairage.fr\/wp-content\/uploads\/2025\/03\/Couverture-dossier-de-presse-211x300.png 211w, https:\/\/www.afe-eclairage.fr\/wp-content\/uploads\/2025\/03\/Couverture-dossier-de-presse-768x1090.png 768w, https:\/\/www.afe-eclairage.fr\/wp-content\/uploads\/2025\/03\/Couverture-dossier-de-presse-1082x1536.png 1082w, https:\/\/www.afe-eclairage.fr\/wp-content\/uploads\/2025\/03\/Couverture-dossier-de-presse-1443x2048.png 1443w, https:\/\/www.afe-eclairage.fr\/wp-content\/uploads\/2025\/03\/Couverture-dossier-de-presse-103x146.png 103w, https:\/\/www.afe-eclairage.fr\/wp-content\/uploads\/2025\/03\/Couverture-dossier-de-presse-35x50.png 35w, https:\/\/www.afe-eclairage.fr\/wp-content\/uploads\/2025\/03\/Couverture-dossier-de-presse-53x75.png 53w, https:\/\/www.afe-eclairage.fr\/wp-content\/uploads\/2025\/03\/Couverture-dossier-de-presse-507x720.png 507w, https:\/\/www.afe-eclairage.fr\/wp-content\/uploads\/2025\/03\/Couverture-dossier-de-presse-600x852.png 600w\" sizes=\"(max-width: 721px) 100vw, 721px\" \/><figcaption class=\"wp-element-caption\"><a href=\"https:\/\/www.afe-eclairage.fr\/?mdocs-posts=dossier-de-presse-afe-enquete-sur-les-chiffres-declairage-public-en-france&amp;mdocs-cat=\" target=\"_blank\" rel=\"noreferrer noopener\">Dossier de presse : Les chiffres 2023 des installations d\u2019\u00e9clairage ext\u00e9rieur en France<\/a> - 25 mars 2025<\/figcaption><\/figure>\n\n\n\n<p><\/p>\n<\/div>\n\n\n\n<div class=\"is-layout-flow wp-block-column\">\n<figure class=\"wp-block-image size-large\"><img decoding=\"async\" loading=\"lazy\" width=\"727\" height=\"1024\" src=\"https:\/\/www.afe-eclairage.fr\/wp-content\/uploads\/2025\/03\/Couverture-communique-de-presse-727x1024.png\" alt=\"\" class=\"wp-image-6818\" srcset=\"https:\/\/www.afe-eclairage.fr\/wp-content\/uploads\/2025\/03\/Couverture-communique-de-presse-727x1024.png 727w, https:\/\/www.afe-eclairage.fr\/wp-content\/uploads\/2025\/03\/Couverture-communique-de-presse-213x300.png 213w, https:\/\/www.afe-eclairage.fr\/wp-content\/uploads\/2025\/03\/Couverture-communique-de-presse-768x1082.png 768w, https:\/\/www.afe-eclairage.fr\/wp-content\/uploads\/2025\/03\/Couverture-communique-de-presse-1090x1536.png 1090w, https:\/\/www.afe-eclairage.fr\/wp-content\/uploads\/2025\/03\/Couverture-communique-de-presse-1453x2048.png 1453w, https:\/\/www.afe-eclairage.fr\/wp-content\/uploads\/2025\/03\/Couverture-communique-de-presse-104x146.png 104w, https:\/\/www.afe-eclairage.fr\/wp-content\/uploads\/2025\/03\/Couverture-communique-de-presse-35x50.png 35w, https:\/\/www.afe-eclairage.fr\/wp-content\/uploads\/2025\/03\/Couverture-communique-de-presse-53x75.png 53w, https:\/\/www.afe-eclairage.fr\/wp-content\/uploads\/2025\/03\/Couverture-communique-de-presse-511x720.png 511w, https:\/\/www.afe-eclairage.fr\/wp-content\/uploads\/2025\/03\/Couverture-communique-de-presse-600x846.png 600w\" sizes=\"(max-width: 727px) 100vw, 727px\" \/><figcaption class=\"wp-element-caption\"><a href=\"https:\/\/www.afe-eclairage.fr\/?mdocs-posts=communique-de-presse-afe-enquete-sur-les-chiffres-de-leclairage-public-en-france&amp;mdocs-cat=\" target=\"_blank\" rel=\"noreferrer noopener\">Communiqu\u00e9 de presse : L\u2019\u00e9clairage public en France : une modernisation r\u00e9ussie et une consommation en baisse<\/a> - 25 mars 2025<\/figcaption><\/figure>\n<\/div>\n\n\n\n<div class=\"is-layout-flow wp-block-column\">\n<p><\/p>\n\n\n\n<figure class=\"wp-block-image size-large\"><img decoding=\"async\" loading=\"lazy\" width=\"727\" height=\"1024\" src=\"https:\/\/www.afe-eclairage.fr\/wp-content\/uploads\/2024\/10\/2024_-CP-AFE_ANSES_NE-securite-oculaire_Page_1-727x1024.jpg\" alt=\"\" class=\"wp-image-6226\" srcset=\"https:\/\/www.afe-eclairage.fr\/wp-content\/uploads\/2024\/10\/2024_-CP-AFE_ANSES_NE-securite-oculaire_Page_1-727x1024.jpg 727w, https:\/\/www.afe-eclairage.fr\/wp-content\/uploads\/2024\/10\/2024_-CP-AFE_ANSES_NE-securite-oculaire_Page_1-213x300.jpg 213w, https:\/\/www.afe-eclairage.fr\/wp-content\/uploads\/2024\/10\/2024_-CP-AFE_ANSES_NE-securite-oculaire_Page_1-768x1082.jpg 768w, https:\/\/www.afe-eclairage.fr\/wp-content\/uploads\/2024\/10\/2024_-CP-AFE_ANSES_NE-securite-oculaire_Page_1-1090x1536.jpg 1090w, https:\/\/www.afe-eclairage.fr\/wp-content\/uploads\/2024\/10\/2024_-CP-AFE_ANSES_NE-securite-oculaire_Page_1-1453x2048.jpg 1453w, https:\/\/www.afe-eclairage.fr\/wp-content\/uploads\/2024\/10\/2024_-CP-AFE_ANSES_NE-securite-oculaire_Page_1-104x146.jpg 104w, https:\/\/www.afe-eclairage.fr\/wp-content\/uploads\/2024\/10\/2024_-CP-AFE_ANSES_NE-securite-oculaire_Page_1-35x50.jpg 35w, https:\/\/www.afe-eclairage.fr\/wp-content\/uploads\/2024\/10\/2024_-CP-AFE_ANSES_NE-securite-oculaire_Page_1-53x75.jpg 53w, https:\/\/www.afe-eclairage.fr\/wp-content\/uploads\/2024\/10\/2024_-CP-AFE_ANSES_NE-securite-oculaire_Page_1-511x720.jpg 511w, https:\/\/www.afe-eclairage.fr\/wp-content\/uploads\/2024\/10\/2024_-CP-AFE_ANSES_NE-securite-oculaire_Page_1-600x846.jpg 600w, https:\/\/www.afe-eclairage.fr\/wp-content\/uploads\/2024\/10\/2024_-CP-AFE_ANSES_NE-securite-oculaire_Page_1-scaled.jpg 1816w\" sizes=\"(max-width: 727px) 100vw, 727px\" \/><figcaption class=\"wp-element-caption\"><a rel=\"noreferrer noopener\" href=\"https:\/\/www.afe-eclairage.fr\/?mdocs-posts=communication-afe-led-dans-les-jouets-lanses-appelle-a-la-revision-de-la-norme-europeenne-pour-la-securite-oculaire&amp;mdocs-cat=\" target=\"_blank\">LED dans les jouets : l\u2019ANSES appelle \u00e0 la r\u00e9vision de la norme europ\u00e9enne pour la s\u00e9curit\u00e9 oculaire<\/a> - 8 octobre 2024<\/figcaption><\/figure>\n<\/div>\n<\/div>\n\n\n\n<div class=\"is-layout-flow wp-block-group\"><div class=\"wp-block-group__inner-container\"><\/div><\/div>\n\n\n\n<div style=\"height:26px\" aria-hidden=\"true\" class=\"wp-block-spacer\"><\/div>\n\n\n\n<div class=\"is-layout-flow wp-block-group\"><div class=\"wp-block-group__inner-container\"><\/div><\/div>\n\n\n\n<div class=\"is-layout-flow wp-block-group\"><div class=\"wp-block-group__inner-container\"><\/div><\/div>\n\n\n\n<div class=\"is-layout-flex wp-container-13 wp-block-columns\">\n<div class=\"is-layout-flow wp-block-column\" style=\"flex-basis:66.66%\">\n<h2>Liens Utiles :<\/h2>\n\n\n\n<div class=\"is-layout-flow wp-block-group\"><div class=\"wp-block-group__inner-container\">\n<div class=\"is-layout-flex wp-block-buttons\">\n<div class=\"wp-block-button\"><a class=\"wp-block-button__link has-very-dark-gray-color has-text-color has-background wp-element-button\" href=\"\/?page_id=2517\" style=\"background-color:#66afda\">Communiqu\u00e9s et \u00e9l\u00e9ments de communication AFE<\/a><\/div>\n\n\n\n<div class=\"wp-block-button\"><a class=\"wp-block-button__link has-very-dark-gray-color has-text-color has-background wp-element-button\" href=\"\/?page_id=1389\" style=\"background-color:#66afda\">Formulaire de contact<\/a><\/div>\n<\/div>\n<\/div><\/div>\n<\/div>\n\n\n\n<div class=\"is-layout-flow wp-block-column\" style=\"flex-basis:33.33%\">\n<div class=\"is-layout-flow wp-block-group\"><div class=\"wp-block-group__inner-container\">\n<h3>Contact Presse :<\/h3>\n\n\n\n<p><strong>Margaux Bogdan<\/strong><br>Charg\u00e9e de communication<br><a rel=\"noreferrer noopener\" href=\"mailto:mbogdan@afe-eclairage.fr\" target=\"_blank\">mbogdan@afe-eclairage.fr<\/a>&nbsp;<br>01 45 05 72 78 - 06 73 67 50 85<\/p>\n<\/div><\/div>\n<\/div>\n<\/div>\n\n\n\n<div style=\"height:26px\" aria-hidden=\"true\" class=\"wp-block-spacer\"><\/div>\n\n\n\n<div style=\"height:173px\" aria-hidden=\"true\" class=\"wp-block-spacer\"><\/div>\n","protected":false},"excerpt":{"rendered":"<p>Espace presse Derni\u00e8res Communication AFE Liens Utiles : Contact Presse : Margaux BogdanCharg\u00e9e de communicationmbogdan@afe-eclairage.fr&nbsp;01 45 05 72 78 &#8211; 06 73 67 50 85<\/p>\n","protected":false},"author":1,"featured_media":0,"parent":0,"menu_order":0,"comment_status":"closed","ping_status":"closed","template":"","meta":[],"_links":{"self":[{"href":"https:\/\/www.afe-eclairage.fr\/index.php?rest_route=\/wp\/v2\/pages\/3286"}],"collection":[{"href":"https:\/\/www.afe-eclairage.fr\/index.php?rest_route=\/wp\/v2\/pages"}],"about":[{"href":"https:\/\/www.afe-eclairage.fr\/index.php?rest_route=\/wp\/v2\/types\/page"}],"author":[{"embeddable":true,"href":"https:\/\/www.afe-eclairage.fr\/index.php?rest_route=\/wp\/v2\/users\/1"}],"replies":[{"embeddable":true,"href":"https:\/\/www.afe-eclairage.fr\/index.php?rest_route=%2Fwp%2Fv2%2Fcomments&post=3286"}],"version-history":[{"count":30,"href":"https:\/\/www.afe-eclairage.fr\/index.php?rest_route=\/wp\/v2\/pages\/3286\/revisions"}],"predecessor-version":[{"id":6821,"href":"https:\/\/www.afe-eclairage.fr\/index.php?rest_route=\/wp\/v2\/pages\/3286\/revisions\/6821"}],"wp:attachment":[{"href":"https:\/\/www.afe-eclairage.fr\/index.php?rest_route=%2Fwp%2Fv2%2Fmedia&parent=3286"}],"curies":[{"name":"wp","href":"https:\/\/api.w.org\/{rel}","templated":true}]}}